{"id":551,"date":"2019-03-01T09:58:31","date_gmt":"2019-03-01T08:58:31","guid":{"rendered":"https:\/\/bonussparkontodig.lp.wir.ch\/?page_id=551"},"modified":"2021-05-28T17:33:31","modified_gmt":"2021-05-28T15:33:31","slug":"le-compte-depargne-bonus-de-la-banque-wir-est-parmi-les-meilleurs","status":"publish","type":"page","link":"https:\/\/lp-old.wir.ch\/bsk\/fr\/le-compte-depargne-bonus-de-la-banque-wir-est-parmi-les-meilleurs\/","title":{"rendered":"Comparatif des taux: Le compte d&#8217;\u00e9pargne bonus de la Banque WIR est parmi les meilleurs"},"content":{"rendered":"","protected":false},"excerpt":{"rendered":"","protected":false},"author":7,"featured_media":679,"parent":0,"menu_order":0,"comment_status":"closed","ping_status":"closed","template":"template-pagebuilder.php","meta":[],"pll_sync_post":[],"lang":"fr","translations":{"de":211,"fr":551},"yoast_head":"<!-- This site is optimized with the Yoast SEO plugin v14.9 - https:\/\/yoast.com\/wordpress\/plugins\/seo\/ -->\n<title>Le compte d\u2019\u00e9pargne bonus de la Banque WIR est parmi les meilleurs<\/title>\n<meta name=\"description\" content=\"C\u2019est le taux qui fait la musique! Le compte d\u2019\u00e9pargne bonus de la Banque WIR vous rapporte jusqu\u2019\u00e0 1,00% d\u2019int\u00e9r\u00eat. Compl\u00e9tez simplement le formulaire pour en profiter.\" \/>\n<meta name=\"robots\" content=\"index, follow, max-snippet:-1, max-image-preview:large, max-video-preview:-1\" \/>\n<link rel=\"canonical\" href=\"https:\/\/lp-old.wir.ch\/bsk\/fr\/le-compte-depargne-bonus-de-la-banque-wir-est-parmi-les-meilleurs\/\" \/>\n<meta property=\"og:locale\" content=\"de_DE\" \/>\n<meta property=\"og:type\" content=\"article\" \/>\n<meta property=\"og:title\" content=\"Le compte d\u2019\u00e9pargne bonus de la Banque WIR est parmi les meilleurs\" \/>\n<meta property=\"og:description\" content=\"C\u2019est le taux qui fait la musique! Le compte d\u2019\u00e9pargne bonus de la Banque WIR vous rapporte jusqu\u2019\u00e0 1,00% d\u2019int\u00e9r\u00eat. Compl\u00e9tez simplement le formulaire pour en profiter.\" \/>\n<meta property=\"og:url\" content=\"https:\/\/lp-old.wir.ch\/bsk\/fr\/le-compte-depargne-bonus-de-la-banque-wir-est-parmi-les-meilleurs\/\" \/>\n<meta property=\"og:site_name\" content=\"Bonussparkonto analog\" \/>\n<meta property=\"article:modified_time\" content=\"2021-05-28T15:33:31+00:00\" \/>\n<meta property=\"og:image\" content=\"https:\/\/lp-old.wir.ch\/bsk\/wp-content\/uploads\/sites\/88\/2021\/05\/LP-produkte-bonussparkonto-ml-fr-1860x1046-1.jpg\" \/>\n\t<meta property=\"og:image:width\" content=\"1860\" \/>\n\t<meta property=\"og:image:height\" content=\"1046\" \/>\n<meta name=\"twitter:card\" content=\"summary_large_image\" \/>\n<script type=\"application\/ld+json\" class=\"yoast-schema-graph\">{\"@context\":\"https:\/\/schema.org\",\"@graph\":[{\"@type\":\"WebSite\",\"@id\":\"https:\/\/lp-old.wir.ch\/bsk\/#website\",\"url\":\"https:\/\/lp-old.wir.ch\/bsk\/\",\"name\":\"Bonussparkonto analog\",\"description\":\"Eine weitere WIR Bank Landing Pages Website\",\"potentialAction\":[{\"@type\":\"SearchAction\",\"target\":\"https:\/\/lp-old.wir.ch\/bsk\/?s={search_term_string}\",\"query-input\":\"required name=search_term_string\"}],\"inLanguage\":\"de\"},{\"@type\":\"ImageObject\",\"@id\":\"https:\/\/lp-old.wir.ch\/bsk\/fr\/le-compte-depargne-bonus-de-la-banque-wir-est-parmi-les-meilleurs\/#primaryimage\",\"inLanguage\":\"de\",\"url\":\"https:\/\/lp-old.wir.ch\/bsk\/wp-content\/uploads\/sites\/88\/2021\/05\/LP-produkte-bonussparkonto-ml-fr-1860x1046-1.jpg\",\"width\":1860,\"height\":1046},{\"@type\":\"WebPage\",\"@id\":\"https:\/\/lp-old.wir.ch\/bsk\/fr\/le-compte-depargne-bonus-de-la-banque-wir-est-parmi-les-meilleurs\/#webpage\",\"url\":\"https:\/\/lp-old.wir.ch\/bsk\/fr\/le-compte-depargne-bonus-de-la-banque-wir-est-parmi-les-meilleurs\/\",\"name\":\"Le compte d\\u2019\\u00e9pargne bonus de la Banque WIR est parmi les meilleurs\",\"isPartOf\":{\"@id\":\"https:\/\/lp-old.wir.ch\/bsk\/#website\"},\"primaryImageOfPage\":{\"@id\":\"https:\/\/lp-old.wir.ch\/bsk\/fr\/le-compte-depargne-bonus-de-la-banque-wir-est-parmi-les-meilleurs\/#primaryimage\"},\"datePublished\":\"2019-03-01T08:58:31+00:00\",\"dateModified\":\"2021-05-28T15:33:31+00:00\",\"description\":\"C\\u2019est le taux qui fait la musique! Le compte d\\u2019\\u00e9pargne bonus de la Banque WIR vous rapporte jusqu\\u2019\\u00e0 1,00% d\\u2019int\\u00e9r\\u00eat. Compl\\u00e9tez simplement le formulaire pour en profiter.\",\"inLanguage\":\"de\",\"potentialAction\":[{\"@type\":\"ReadAction\",\"target\":[\"https:\/\/lp-old.wir.ch\/bsk\/fr\/le-compte-depargne-bonus-de-la-banque-wir-est-parmi-les-meilleurs\/\"]}]}]}<\/script>\n<!-- \/ Yoast SEO plugin. -->","_links":{"self":[{"href":"https:\/\/lp-old.wir.ch\/bsk\/wp-json\/wp\/v2\/pages\/551"}],"collection":[{"href":"https:\/\/lp-old.wir.ch\/bsk\/wp-json\/wp\/v2\/pages"}],"about":[{"href":"https:\/\/lp-old.wir.ch\/bsk\/wp-json\/wp\/v2\/types\/page"}],"author":[{"embeddable":true,"href":"https:\/\/lp-old.wir.ch\/bsk\/wp-json\/wp\/v2\/users\/7"}],"replies":[{"embeddable":true,"href":"https:\/\/lp-old.wir.ch\/bsk\/wp-json\/wp\/v2\/comments?post=551"}],"version-history":[{"count":23,"href":"https:\/\/lp-old.wir.ch\/bsk\/wp-json\/wp\/v2\/pages\/551\/revisions"}],"predecessor-version":[{"id":613,"href":"https:\/\/lp-old.wir.ch\/bsk\/wp-json\/wp\/v2\/pages\/551\/revisions\/613"}],"wp:featuredmedia":[{"embeddable":true,"href":"https:\/\/lp-old.wir.ch\/bsk\/wp-json\/wp\/v2\/media\/679"}],"wp:attachment":[{"href":"https:\/\/lp-old.wir.ch\/bsk\/wp-json\/wp\/v2\/media?parent=551"}],"curies":[{"name":"wp","href":"https:\/\/api.w.org\/{rel}","templated":true}]}}